{"id":1455,"date":"2024-06-19T15:35:02","date_gmt":"2024-06-19T13:35:02","guid":{"rendered":"https:\/\/cartel-claims.com\/aviso-legal\/"},"modified":"2026-01-26T11:35:00","modified_gmt":"2026-01-26T09:35:00","slug":"aviso-legal","status":"publish","type":"page","link":"https:\/\/cartel-claims.com\/es\/aviso-legal\/","title":{"rendered":"Aviso legal"},"content":{"rendered":"\t\t<div data-elementor-type=\"wp-page\" data-elementor-id=\"1455\" class=\"elementor elementor-1455 elementor-788\" data-elementor-post-type=\"page\">\n\t\t\t\t<div class=\"elementor-element elementor-element-34ae385 e-flex e-con-boxed e-con e-parent\" data-id=\"34ae385\" data-element_type=\"container\">\n\t\t\t\t\t<div class=\"e-con-inner\">\n\t\t\t\t<div class=\"elementor-element elementor-element-56b6967 elementor-widget elementor-widget-heading\" data-id=\"56b6967\" data-element_type=\"widget\" data-widget_type=\"heading.default\">\n\t\t\t\t<div class=\"elementor-widget-container\">\n\t\t\t<style>\/*! elementor - v3.23.0 - 05-08-2024 *\/\n.elementor-heading-title{padding:0;margin:0;line-height:1}.elementor-widget-heading .elementor-heading-title[class*=elementor-size-]>a{color:inherit;font-size:inherit;line-height:inherit}.elementor-widget-heading .elementor-heading-title.elementor-size-small{font-size:15px}.elementor-widget-heading .elementor-heading-title.elementor-size-medium{font-size:19px}.elementor-widget-heading .elementor-heading-title.elementor-size-large{font-size:29px}.elementor-widget-heading .elementor-heading-title.elementor-size-xl{font-size:39px}.elementor-widget-heading .elementor-heading-title.elementor-size-xxl{font-size:59px}<\/style><h2 class=\"elementor-heading-title elementor-size-default\">Aviso legal<\/h2>\t\t<\/div>\n\t\t\t\t<\/div>\n\t\t\t\t<div class=\"elementor-element elementor-element-fbb1fb9 elementor-widget elementor-widget-text-editor\" data-id=\"fbb1fb9\" data-element_type=\"widget\" data-widget_type=\"text-editor.default\">\n\t\t\t\t<div class=\"elementor-widget-container\">\n\t\t\t<style>\/*! elementor - v3.23.0 - 05-08-2024 *\/\n.elementor-widget-text-editor.elementor-drop-cap-view-stacked .elementor-drop-cap{background-color:#69727d;color:#fff}.elementor-widget-text-editor.elementor-drop-cap-view-framed .elementor-drop-cap{color:#69727d;border:3px solid;background-color:transparent}.elementor-widget-text-editor:not(.elementor-drop-cap-view-default) .elementor-drop-cap{margin-top:8px}.elementor-widget-text-editor:not(.elementor-drop-cap-view-default) .elementor-drop-cap-letter{width:1em;height:1em}.elementor-widget-text-editor .elementor-drop-cap{float:left;text-align:center;line-height:1;font-size:50px}.elementor-widget-text-editor .elementor-drop-cap-letter{display:inline-block}<\/style>\t\t\t\t<p><a>Profin Claims GmbH<br \/>\nDahlmannstr. 27<br \/>\n10629 Berlin<br \/>\nAlemania<br \/>\n<\/a><\/p>\n<p><a>Correo electr\u00f3nico: service@profin.finance<\/a><\/p>\n<p><strong><a>Registro mercantil<br \/>\n<\/a><\/strong><a>Juzgado de Primera Instancia de Charlottenburg, Alemania<\/a><\/p>\n<p><strong><a>N\u00famero de registro mercantil (HRB)<br \/>\n<\/a><\/strong><a>HRB 234034 B<\/a><\/p>\n<p><strong><a>Director General<br \/>\n<\/a><\/strong><a>Christopher Rother<\/a><\/p>\n<p><strong><a>Exenci\u00f3n de responsabilidad<br \/>\n<\/a><\/strong><a>La informaci\u00f3n proporcionada por Profin Claims GmbH (\u00abProfin\u00bb) en cartel-claims.com (el \u00abSitio web\u00bb) tiene \u00fanicamente fines informativos generales. Toda la informaci\u00f3n del Sitio web se proporciona de buena fe; no obstante, Profin no ofrece ninguna garant\u00eda, expresa ni impl\u00edcita, en cuanto a la exactitud, idoneidad, validez, fiabilidad, disponibilidad o integridad de la informaci\u00f3n contenida en el Sitio web. En ning\u00fan caso Profin ser\u00e1 responsable de p\u00e9rdidas o da\u00f1os de cualquier tipo derivados del uso del Sitio web o de la confianza depositada en la informaci\u00f3n proporcionada en el mismo. El uso del Sitio web y la confianza en la informaci\u00f3n contenida en \u00e9l se realizan exclusivamente bajo su propio riesgo.<\/a><\/p>\n<p><a>El Sitio web puede contener enlaces a otros sitios web o contenidos pertenecientes a terceros o procedentes de estos, as\u00ed como enlaces a sitios web y funciones incluidos en banners u otra publicidad. Dichos enlaces externos no son investigados, supervisados ni verificados por Profin en cuanto a su exactitud, idoneidad, validez, fiabilidad, disponibilidad o integridad. Profin no garantiza, respalda ni asume responsabilidad alguna por la exactitud o fiabilidad de la informaci\u00f3n ofrecida por sitios web de terceros enlazados a trav\u00e9s del Sitio web, ni por ning\u00fan sitio web o funci\u00f3n enlazados en banners u otra publicidad. Profin no ser\u00e1 parte ni asumir\u00e1 responsabilidad alguna en la supervisi\u00f3n de transacciones entre usted y terceros proveedores de productos o servicios.<\/a><\/p>\n<p><a>El Sitio web no puede ni pretende contener asesoramiento jur\u00eddico. La informaci\u00f3n legal se proporciona \u00fanicamente con fines informativos y educativos generales y no sustituye el asesoramiento profesional. En consecuencia, Profin recomienda consultar a los profesionales adecuados antes de llevar a cabo cualquier acci\u00f3n basada en dicha informaci\u00f3n. Profin no presta asesoramiento jur\u00eddico de ning\u00fan tipo. El uso o la confianza en cualquier informaci\u00f3n contenida en el Sitio web se realiza exclusivamente bajo su propio riesgo.<\/a><\/p>\n<p><a>El Sitio web puede utilizar cookies, Google Analytics u otras herramientas de seguimiento y an\u00e1lisis.<\/a><\/p>\n<p><a>Todo el contenido y la estructura del Sitio web est\u00e1n protegidos por derechos de autor. Todos los derechos est\u00e1n reservados. Queda prohibida la reproducci\u00f3n total o parcial, la modificaci\u00f3n o el uso con fines p\u00fablicos o comerciales sin el consentimiento previo y por escrito de Profin.<\/a><\/p>\n\t\t\t\t\t\t<\/div>\n\t\t\t\t<\/div>\n\t\t\t\t\t<\/div>\n\t\t\t\t<\/div>\n\t\t\t\t<\/div>\n\t\t","protected":false},"excerpt":{"rendered":"<p>Aviso legal Profin Claims GmbH Dahlmannstr. 27 10629 Berlin Alemania Correo electr\u00f3nico: service@profin.finance Registro mercantil Juzgado de Primera Instancia de Charlottenburg, Alemania N\u00famero de registro mercantil (HRB) HRB 234034 B Director General Christopher Rother Exenci\u00f3n de responsabilidad La informaci\u00f3n proporcionada por Profin Claims GmbH (\u00abProfin\u00bb) en cartel-claims.com (el \u00abSitio web\u00bb) tiene \u00fanicamente fines informativos generales. [&hellip;]<\/p>\n","protected":false},"author":1,"featured_media":0,"parent":0,"menu_order":0,"comment_status":"closed","ping_status":"closed","template":"","meta":{"footnotes":""},"yoast_head":"<!-- This site is optimized with the Yoast SEO plugin v23.4 - https:\/\/yoast.com\/wordpress\/plugins\/seo\/ -->\n<title>Aviso legal - PROFIN | Truck Cartel | Litigation Funding<\/title>\n<meta name=\"robots\" content=\"index, follow, max-snippet:-1, max-image-preview:large, max-video-preview:-1\" \/>\n<link rel=\"canonical\" href=\"https:\/\/cartel-claims.com\/es\/aviso-legal\/\" \/>\n<meta property=\"og:locale\" content=\"es_ES\" \/>\n<meta property=\"og:type\" content=\"article\" \/>\n<meta property=\"og:title\" content=\"Aviso legal - PROFIN | Truck Cartel | Litigation Funding\" \/>\n<meta property=\"og:description\" content=\"Aviso legal Profin Claims GmbH Dahlmannstr. 27 10629 Berlin Alemania Correo electr\u00f3nico: service@profin.finance Registro mercantil Juzgado de Primera Instancia de Charlottenburg, Alemania N\u00famero de registro mercantil (HRB) HRB 234034 B Director General Christopher Rother Exenci\u00f3n de responsabilidad La informaci\u00f3n proporcionada por Profin Claims GmbH (\u00abProfin\u00bb) en cartel-claims.com (el \u00abSitio web\u00bb) tiene \u00fanicamente fines informativos generales. [&hellip;]\" \/>\n<meta property=\"og:url\" content=\"https:\/\/cartel-claims.com\/es\/aviso-legal\/\" \/>\n<meta property=\"og:site_name\" content=\"PROFIN | Truck Cartel | Litigation Funding\" \/>\n<meta property=\"article:modified_time\" content=\"2026-01-26T09:35:00+00:00\" \/>\n<meta name=\"twitter:card\" content=\"summary_large_image\" \/>\n<meta name=\"twitter:label1\" content=\"Tiempo de lectura\" \/>\n\t<meta name=\"twitter:data1\" content=\"2 minutos\" \/>\n<script type=\"application\/ld+json\" class=\"yoast-schema-graph\">{\"@context\":\"https:\/\/schema.org\",\"@graph\":[{\"@type\":\"WebPage\",\"@id\":\"https:\/\/cartel-claims.com\/es\/aviso-legal\/\",\"url\":\"https:\/\/cartel-claims.com\/es\/aviso-legal\/\",\"name\":\"Aviso legal - PROFIN | Truck Cartel | Litigation Funding\",\"isPartOf\":{\"@id\":\"https:\/\/cartel-claims.com\/es\/#website\"},\"datePublished\":\"2024-06-19T13:35:02+00:00\",\"dateModified\":\"2026-01-26T09:35:00+00:00\",\"breadcrumb\":{\"@id\":\"https:\/\/cartel-claims.com\/es\/aviso-legal\/#breadcrumb\"},\"inLanguage\":\"es\",\"potentialAction\":[{\"@type\":\"ReadAction\",\"target\":[\"https:\/\/cartel-claims.com\/es\/aviso-legal\/\"]}]},{\"@type\":\"BreadcrumbList\",\"@id\":\"https:\/\/cartel-claims.com\/es\/aviso-legal\/#breadcrumb\",\"itemListElement\":[{\"@type\":\"ListItem\",\"position\":1,\"name\":\"Home\",\"item\":\"https:\/\/cartel-claims.com\/es\/\"},{\"@type\":\"ListItem\",\"position\":2,\"name\":\"Aviso legal\"}]},{\"@type\":\"WebSite\",\"@id\":\"https:\/\/cartel-claims.com\/es\/#website\",\"url\":\"https:\/\/cartel-claims.com\/es\/\",\"name\":\"PROFIN | Truck Cartel | Litigation Funding\",\"description\":\"\",\"potentialAction\":[{\"@type\":\"SearchAction\",\"target\":{\"@type\":\"EntryPoint\",\"urlTemplate\":\"https:\/\/cartel-claims.com\/es\/?s={search_term_string}\"},\"query-input\":{\"@type\":\"PropertyValueSpecification\",\"valueRequired\":true,\"valueName\":\"search_term_string\"}}],\"inLanguage\":\"es\"}]}<\/script>\n<!-- \/ Yoast SEO plugin. -->","yoast_head_json":{"title":"Aviso legal - PROFIN | Truck Cartel | Litigation Funding","robots":{"index":"index","follow":"follow","max-snippet":"max-snippet:-1","max-image-preview":"max-image-preview:large","max-video-preview":"max-video-preview:-1"},"canonical":"https:\/\/cartel-claims.com\/es\/aviso-legal\/","og_locale":"es_ES","og_type":"article","og_title":"Aviso legal - PROFIN | Truck Cartel | Litigation Funding","og_description":"Aviso legal Profin Claims GmbH Dahlmannstr. 27 10629 Berlin Alemania Correo electr\u00f3nico: service@profin.finance Registro mercantil Juzgado de Primera Instancia de Charlottenburg, Alemania N\u00famero de registro mercantil (HRB) HRB 234034 B Director General Christopher Rother Exenci\u00f3n de responsabilidad La informaci\u00f3n proporcionada por Profin Claims GmbH (\u00abProfin\u00bb) en cartel-claims.com (el \u00abSitio web\u00bb) tiene \u00fanicamente fines informativos generales. [&hellip;]","og_url":"https:\/\/cartel-claims.com\/es\/aviso-legal\/","og_site_name":"PROFIN | Truck Cartel | Litigation Funding","article_modified_time":"2026-01-26T09:35:00+00:00","twitter_card":"summary_large_image","twitter_misc":{"Tiempo de lectura":"2 minutos"},"schema":{"@context":"https:\/\/schema.org","@graph":[{"@type":"WebPage","@id":"https:\/\/cartel-claims.com\/es\/aviso-legal\/","url":"https:\/\/cartel-claims.com\/es\/aviso-legal\/","name":"Aviso legal - PROFIN | Truck Cartel | Litigation Funding","isPartOf":{"@id":"https:\/\/cartel-claims.com\/es\/#website"},"datePublished":"2024-06-19T13:35:02+00:00","dateModified":"2026-01-26T09:35:00+00:00","breadcrumb":{"@id":"https:\/\/cartel-claims.com\/es\/aviso-legal\/#breadcrumb"},"inLanguage":"es","potentialAction":[{"@type":"ReadAction","target":["https:\/\/cartel-claims.com\/es\/aviso-legal\/"]}]},{"@type":"BreadcrumbList","@id":"https:\/\/cartel-claims.com\/es\/aviso-legal\/#breadcrumb","itemListElement":[{"@type":"ListItem","position":1,"name":"Home","item":"https:\/\/cartel-claims.com\/es\/"},{"@type":"ListItem","position":2,"name":"Aviso legal"}]},{"@type":"WebSite","@id":"https:\/\/cartel-claims.com\/es\/#website","url":"https:\/\/cartel-claims.com\/es\/","name":"PROFIN | Truck Cartel | Litigation Funding","description":"","potentialAction":[{"@type":"SearchAction","target":{"@type":"EntryPoint","urlTemplate":"https:\/\/cartel-claims.com\/es\/?s={search_term_string}"},"query-input":{"@type":"PropertyValueSpecification","valueRequired":true,"valueName":"search_term_string"}}],"inLanguage":"es"}]}},"_links":{"self":[{"href":"https:\/\/cartel-claims.com\/es\/wp-json\/wp\/v2\/pages\/1455"}],"collection":[{"href":"https:\/\/cartel-claims.com\/es\/wp-json\/wp\/v2\/pages"}],"about":[{"href":"https:\/\/cartel-claims.com\/es\/wp-json\/wp\/v2\/types\/page"}],"author":[{"embeddable":true,"href":"https:\/\/cartel-claims.com\/es\/wp-json\/wp\/v2\/users\/1"}],"replies":[{"embeddable":true,"href":"https:\/\/cartel-claims.com\/es\/wp-json\/wp\/v2\/comments?post=1455"}],"version-history":[{"count":5,"href":"https:\/\/cartel-claims.com\/es\/wp-json\/wp\/v2\/pages\/1455\/revisions"}],"predecessor-version":[{"id":1468,"href":"https:\/\/cartel-claims.com\/es\/wp-json\/wp\/v2\/pages\/1455\/revisions\/1468"}],"wp:attachment":[{"href":"https:\/\/cartel-claims.com\/es\/wp-json\/wp\/v2\/media?parent=1455"}],"curies":[{"name":"wp","href":"https:\/\/api.w.org\/{rel}","templated":true}]}}