{"id":1136,"date":"2024-06-19T18:02:36","date_gmt":"2024-06-19T16:02:36","guid":{"rendered":"https:\/\/cartel-claims.com\/datenschutzerklaerung\/"},"modified":"2025-02-07T12:47:29","modified_gmt":"2025-02-07T10:47:29","slug":"datenschutzerklaerung","status":"publish","type":"page","link":"https:\/\/cartel-claims.com\/de\/datenschutzerklaerung\/","title":{"rendered":"Datenschutzerkl\u00e4rung"},"content":{"rendered":"\t\t<div data-elementor-type=\"wp-page\" data-elementor-id=\"1136\" class=\"elementor elementor-1136 elementor-790\" data-elementor-post-type=\"page\">\n\t\t\t\t<div class=\"elementor-element elementor-element-3f96cd8 e-flex e-con-boxed e-con e-parent\" data-id=\"3f96cd8\" data-element_type=\"container\">\n\t\t\t\t\t<div class=\"e-con-inner\">\n\t\t\t\t<div class=\"elementor-element elementor-element-fdfc500 elementor-widget elementor-widget-heading\" data-id=\"fdfc500\" data-element_type=\"widget\" data-widget_type=\"heading.default\">\n\t\t\t\t<div class=\"elementor-widget-container\">\n\t\t\t<style>\/*! elementor - v3.23.0 - 05-08-2024 *\/\n.elementor-heading-title{padding:0;margin:0;line-height:1}.elementor-widget-heading .elementor-heading-title[class*=elementor-size-]>a{color:inherit;font-size:inherit;line-height:inherit}.elementor-widget-heading .elementor-heading-title.elementor-size-small{font-size:15px}.elementor-widget-heading .elementor-heading-title.elementor-size-medium{font-size:19px}.elementor-widget-heading .elementor-heading-title.elementor-size-large{font-size:29px}.elementor-widget-heading .elementor-heading-title.elementor-size-xl{font-size:39px}.elementor-widget-heading .elementor-heading-title.elementor-size-xxl{font-size:59px}<\/style><h2 class=\"elementor-heading-title elementor-size-default\">Datenschutzerkl\u00e4rung<\/h2>\t\t<\/div>\n\t\t\t\t<\/div>\n\t\t\t\t<div class=\"elementor-element elementor-element-7002096 elementor-widget elementor-widget-text-editor\" data-id=\"7002096\" data-element_type=\"widget\" data-widget_type=\"text-editor.default\">\n\t\t\t\t<div class=\"elementor-widget-container\">\n\t\t\t<style>\/*! elementor - v3.23.0 - 05-08-2024 *\/\n.elementor-widget-text-editor.elementor-drop-cap-view-stacked .elementor-drop-cap{background-color:#69727d;color:#fff}.elementor-widget-text-editor.elementor-drop-cap-view-framed .elementor-drop-cap{color:#69727d;border:3px solid;background-color:transparent}.elementor-widget-text-editor:not(.elementor-drop-cap-view-default) .elementor-drop-cap{margin-top:8px}.elementor-widget-text-editor:not(.elementor-drop-cap-view-default) .elementor-drop-cap-letter{width:1em;height:1em}.elementor-widget-text-editor .elementor-drop-cap{float:left;text-align:center;line-height:1;font-size:50px}.elementor-widget-text-editor .elementor-drop-cap-letter{display:inline-block}<\/style>\t\t\t\t<p>Dieser Datenschutzhinweis beschreibt, wie die Profin Claims GmbH (\u201eProfin\u201c) Ihre personenbezogenen Daten sammelt und verarbeitet und erkl\u00e4rt Ihre Rechte. Personenbezogene Daten sind alle Informationen, die sich auf eine identifizierte oder identifizierbare nat\u00fcrliche Person beziehen. Die Verarbeitung umfasst alle Ma\u00dfnahmen, die an personenbezogenen Daten durchgef\u00fchrt werden k\u00f6nnen, wie das Sammeln, Organisieren, Speichern, Verwenden, Offenlegen oder sonstiges Bereitstellen, Einschr\u00e4nken oder L\u00f6schen.<\/p>\n<p><strong>1. Datenverantwortlicher<\/strong><\/p>\n<p>Der Datenverantwortliche ist die Profin Claims GmbH<br \/>Dahlmannstr. 27\u2028<br \/>10629 Berlin<br \/>Deutschland <\/p>\n<p>E-Mail: info@profin.finance<\/p>\n<p><strong>2. Datenschutzbeauftragter<\/strong><\/p>\n<p>Der Datenschutzbeauftragte ist Christopher Rother, General Counsel, Profin Claims GmbH<br \/>Dahlmannstr. 27\u2028<br \/>10629 Berlin<br \/>Deutschland <\/p>\n<p>E-Mail: info@profin.finance<\/p>\n<p><strong>3. Rechtsgrundlage f\u00fcr die Datenverarbeitung<\/strong><\/p>\n<p>Profin verarbeitet Ihre personenbezogenen Daten auf Grundlage des Bundesdatenschutzgesetzes, der Datenschutz-Grundverordnung und aller anderen anwendbaren Datenschutzgesetze und -vorschriften. Profin kann personenbezogene Daten (i) zur Erf\u00fcllung eines Vertrags oder zur Durchf\u00fchrung vorvertraglicher Ma\u00dfnahmen; (ii) zur Erf\u00fcllung einer rechtlichen Verpflichtung; (iii) wenn erforderlich, zum Schutz Ihrer lebenswichtigen Interessen oder der einer anderen nat\u00fcrlichen Person; (iv) wenn erforderlich, zur Erf\u00fcllung einer Aufgabe im \u00f6ffentlichen Interesse; (v) wenn erforderlich, zur Wahrung berechtigter Interessen von Profin oder eines Dritten; oder (vi) auf Grundlage Ihrer Einwilligung verarbeiten.<\/p>\n<p><strong>4. Zweck der Datenverarbeitung<\/strong><\/p>\n<p>Profin verarbeitet Ihre personenbezogenen Daten f\u00fcr einen bestimmten Zweck und nur die personenbezogenen Daten, die relevant sind, um diesen Zweck zu erreichen. Insbesondere verarbeitet Profin Ihre personenbezogenen Daten, um: um: (i) die Beziehung zu Ihnen zu verwalten; (ii) mit Ihnen zu kommunizieren; (iii) Ihre Anfragen zu bearbeiten und\/oder Ihnen Dienstleistungen zu erbringen; (iv) vorvertragliche Bewertungen durchzuf\u00fchren; (v) Vereinbarungen mit Ihnen umzusetzen und die Verpflichtungen von Profin aus diesen Vereinbarungen zu erf\u00fcllen; (vi) die Einhaltung geltender gesetzlicher und regulatorischer Verpflichtungen sicherzustellen; (vii) Ma\u00dfnahmen zum Schutz der Sicherheit, Genauigkeit und Vertraulichkeit von bei Profin gespeicherten Daten und Informationen sowie zur Sicherung von IT-Systemen, Architektur und Netzwerken zu ergreifen; und (viii) die berechtigten Interessen von Profin zu wahren (z.B. Schutz vor, Erkennung und Verhinderung von Betrug, Fehlverhalten, Geldw\u00e4sche, Bestechung und Korruption, Diebstahl von vertraulichen Informationen, Vertrauensbruch, anderen finanziellen oder gesch\u00e4ftlichen Verbrechen und anderen rechtswidrigen Aktivit\u00e4ten; Gestaltung, Implementierung und kontinuierliche Verbesserung effizienter organisatorischer Prozesse; Vermarktung und Angebot von Profin-Produkten und -Dienstleistungen an Kunden und andere Interessengruppen).<\/p>\n<p><strong>5. Kategorien personenbezogener Daten<\/strong><\/p>\n<p>Profin verarbeitet grundlegende pers\u00f6nliche Informationen (z.B. Vorname, Nachname, Berufsbezeichnung, Firma), Kontaktdaten (z.B. Postadresse, E-Mail-Adresse, Telefonnummer), Informationen im Zusammenhang mit Ihrer Anfrage und\/oder einer (vor-)vertraglichen Beziehung zwischen Profin (einschlie\u00dflich verbundener Unternehmen) und Ihnen, Finanzinformationen (z.B. Konten, Abrechnungs- und Zahlungsdaten) sowie historische Daten zu Ihrer Beziehung zu Profin.<\/p>\n<p><strong>6. Datenquellen<\/strong><\/p>\n<p>Profin erh\u00e4lt Ihre personenbezogenen Daten haupts\u00e4chlich direkt von Ihnen. Einige Informationen k\u00f6nnen aus den von Ihnen bereitgestellten Informationen abgeleitet oder im Zusammenhang mit der Verwaltung der Beziehung zu Ihnen entstehen. Dar\u00fcber hinaus kann Profin personenbezogene Informationen \u00fcber Sie von Dritten wie Rechtsanw\u00e4lten, Beratern, Beratern oder Mitfinanzierern oder aus \u00f6ffentlich zug\u00e4nglichen Quellen (z.B. Handelsregistern) erhalten.<\/p>\n<p><strong>7. Speicherung und Schutz personenbezogener Daten<\/strong><\/p>\n<p>Profin implementiert technische und organisatorische Ma\u00dfnahmen, um ein angemessenes Ma\u00df an Sicherheit und Vertraulichkeit Ihrer personenbezogenen Daten zu gew\u00e4hrleisten. Ziel dieser Ma\u00dfnahmen ist es, Ihre personenbezogenen Daten vor zuf\u00e4lliger oder unrechtm\u00e4\u00dfiger Zerst\u00f6rung oder Ver\u00e4nderung, zuf\u00e4lligem Verlust, unbefugter Offenlegung oder Zugriff sowie vor anderen unrechtm\u00e4\u00dfigen Formen der Verarbeitung zu sch\u00fctzen. Obwohl Profin angemessene Sorgfalt bei der Umsetzung solcher Ma\u00dfnahmen walten l\u00e4sst, beachten Sie bitte, dass das Internet von Natur aus unsicher ist und Profin die Sicherheit Ihrer personenbezogenen Daten bei \u00dcbertragung \u00fcber das Internet oder per E-Mail nicht garantieren kann.<\/p>\n<p><strong>8. Zugang zu personenbezogenen Daten<\/strong><\/p>\n<p>Profin wird Ihre personenbezogenen Daten niemals verkaufen. m Rahmen der T\u00e4tigkeiten von Profin und zu den in diesem Datenschutzhinweis genannten Zwecken k\u00f6nnen Ihre personenbezogenen Daten von den folgenden Kategorien von Empf\u00e4ngern eingesehen oder an diese \u00fcbertragen werden, um diese Zwecke zu erreichen: (i) Profin-Mitarbeiter (Management, Compliance, Kommunikation, Personalwesen, IT, Kundenservice, interne Revision, Finanzen und andere Funktionen); (ii) Lieferanten und Dienstleister (z.B. Outsourcing-Dienstleister und Due-Diligence-Anbieter); (iii) Technologie-Systemanbieter, einschlie\u00dflich Cloud- und Datenbankanbieter, und zugeh\u00f6rige Berater; (iv) alle Dritten, denen Profin Rechte und Pflichten \u00fcbertr\u00e4gt; (v) professionelle Berater und externe Anw\u00e4lte; (vi) Banken, Kreditgeber und externe Pr\u00fcfer, soweit gesetzlich erforderlich; (vii) (R\u00fcck-)Versicherungspartner und (viii) andere Profin-Einheiten (insbesondere Profin-Investmentgesellschaften). Solche Empf\u00e4nger sind verpflichtet, die Vertraulichkeit und Sicherheit Ihrer personenbezogenen Daten zu sch\u00fctzen. In begrenzten F\u00e4llen k\u00f6nnen Ihre personenbezogenen Daten von Strafverfolgungsbeh\u00f6rden, Aufsichtsbeh\u00f6rden oder Justizbeh\u00f6rden eingesehen oder an diese \u00fcbertragen werden. Dies erfolgt nur, wenn dies gesetzlich erforderlich ist.<\/p>\n<p><strong>9. Daten\u00fcbertragungen in andere Jurisdiktionen<\/strong><\/p>\n<p>Ihre personenbezogenen Daten k\u00f6nnen von Profin in einem anderen Land verarbeitet werden als dem, in dem Sie sich befinden (z.B. von einem der Profin-Investmentgesellschaften oder ausl\u00e4ndischen Dienstleistern). Die Datenschutzgesetze in einem solchen anderen Land bieten m\u00f6glicherweise nicht denselben Schutz wie die Datenschutzgesetze in dem Land, in dem Sie sich befinden. Profin stellt sicher, dass jede \u00dcbertragung in \u00dcbereinstimmung mit dem geltenden Datenschutzrecht erfolgt. Bei \u00dcbertragungen in ein Land, das von einer Datenschutzbeh\u00f6rde als nicht das gleiche Schutzniveau bietend angesehen wird, stellt Profin sicher, dass die \u00dcbertragungen durch geeignete Schutzma\u00dfnahmen, wie die Standardvertragsklauseln der Europ\u00e4ischen Kommission, geregelt sind.<br \/>Abh\u00e4ngig von den Umst\u00e4nden des Einzelfalls kann Profin Ihre personenbezogenen Daten in jedes der L\u00e4nder \u00fcbertragen, in denen es t\u00e4tig ist und die derzeit die EU, Guernsey, das Vereinigte K\u00f6nigreich und die Vereinigten Staaten von Amerika umfassen.<\/p>\n<p><strong>10. L\u00f6schung personenbezogener Daten<\/strong><\/p>\n<p>Profin bewahrt Ihre personenbezogenen Daten so lange auf, wie es erforderlich ist, um den Zweck zu erf\u00fcllen, f\u00fcr den sie gesammelt wurden, um gesetzliche oder regulatorische Anforderungen zu erf\u00fcllen oder zur Begr\u00fcndung oder Verteidigung von Rechtsanspr\u00fcchen. Wenn es nicht m\u00f6glich ist, Ihre personenbezogenen Daten aus den Systemen von Profin zu entfernen (z.B. weil Ihre personenbezogenen Daten in Sicherungsarchiven gespeichert sind), wird Profin Ihre personenbezogenen Daten sicher speichern und von jeglicher weiteren Verarbeitung isolieren, bis eine L\u00f6schung m\u00f6glich ist.<\/p>\n<p><strong>11. Ihre Rechte<\/strong><\/p>\n<p>Sie haben das Recht (i) \u00fcber die Erhebung und Nutzung Ihrer personenbezogenen Daten informiert zu werden; (ii) Zugang zu personenbezogenen Daten \u00fcber Sie zu erhalten; (iii) die Berichtigung personenbezogener Daten zu verlangen, die Ihrer Meinung nach falsch, veraltet oder unvollst\u00e4ndig sind; (iv) die L\u00f6schung Ihrer personenbezogenen Daten zu verlangen; (v) die Nutzung Ihrer personenbezogenen Daten auf bestimmte Kategorien der Verarbeitung zu beschr\u00e4nken; (vi) der Verarbeitung Ihrer personenbezogenen Daten ganz oder teilweise zu widersprechen; und (vii) zu verlangen, dass die von Ihnen bereitgestellten personenbezogenen Daten ohne Behinderung in einem strukturierten, g\u00e4ngigen und maschinenlesbaren Format an Sie oder an die Person oder Einrichtung Ihrer Wahl zur\u00fcckgegeben oder \u00fcbertragen werden. Wenn Ihre personenbezogenen Daten auf Grundlage Ihrer Einwilligung verarbeitet werden, haben Sie das Recht, Ihre Einwilligung jederzeit zu widerrufen (bitte beachten Sie, dass die Verarbeitung auf Grundlage Ihrer Einwilligung, die vor Ihrem Widerruf stattgefunden hat, weiterhin rechtm\u00e4\u00dfig bleibt). Sie k\u00f6nnen Ihre Rechte jederzeit aus\u00fcben, indem Sie den Datenschutzbeauftragten kontaktieren (siehe Punkt 2 oben).<\/p>\n<p>Sie haben auch das Recht, eine Beschwerde \u00fcber die Verarbeitung Ihrer personenbezogenen Daten durch Profin beim Bundesbeauftragten f\u00fcr den Datenschutz und die Informationsfreiheit oder einer anderen zust\u00e4ndigen Aufsichtsbeh\u00f6rde einzureichen.<\/p>\n<p>Graurheindorfer Str. 153\u2028<br \/>53117 Bonn<\/p>\n<p>Tel.: +49 228 9977990\u2028<br \/>E-Mail: poststelle@bfdi.bund.de<\/p>\n\t\t\t\t\t\t<\/div>\n\t\t\t\t<\/div>\n\t\t\t\t\t<\/div>\n\t\t\t\t<\/div>\n\t\t\t\t<\/div>\n\t\t","protected":false},"excerpt":{"rendered":"<p>Datenschutzerkl\u00e4rung Dieser Datenschutzhinweis beschreibt, wie die Profin Claims GmbH (\u201eProfin\u201c) Ihre personenbezogenen Daten sammelt und verarbeitet und erkl\u00e4rt Ihre Rechte. Personenbezogene Daten sind alle Informationen, die sich auf eine identifizierte oder identifizierbare nat\u00fcrliche Person beziehen. Die Verarbeitung umfasst alle Ma\u00dfnahmen, die an personenbezogenen Daten durchgef\u00fchrt werden k\u00f6nnen, wie das Sammeln, Organisieren, Speichern, Verwenden, Offenlegen oder [&hellip;]<\/p>\n","protected":false},"author":1,"featured_media":0,"parent":0,"menu_order":0,"comment_status":"closed","ping_status":"closed","template":"","meta":{"footnotes":""},"yoast_head":"<!-- This site is optimized with the Yoast SEO plugin v23.4 - https:\/\/yoast.com\/wordpress\/plugins\/seo\/ -->\n<title>Datenschutzerkl\u00e4rung - PROFIN | Truck Cartel | Litigation Funding<\/title>\n<meta name=\"robots\" content=\"index, follow, max-snippet:-1, max-image-preview:large, max-video-preview:-1\" \/>\n<link rel=\"canonical\" href=\"https:\/\/cartel-claims.com\/de\/datenschutzerklaerung\/\" \/>\n<meta property=\"og:locale\" content=\"de_DE\" \/>\n<meta property=\"og:type\" content=\"article\" \/>\n<meta property=\"og:title\" content=\"Datenschutzerkl\u00e4rung - PROFIN | Truck Cartel | Litigation Funding\" \/>\n<meta property=\"og:description\" content=\"Datenschutzerkl\u00e4rung Dieser Datenschutzhinweis beschreibt, wie die Profin Claims GmbH (\u201eProfin\u201c) Ihre personenbezogenen Daten sammelt und verarbeitet und erkl\u00e4rt Ihre Rechte. Personenbezogene Daten sind alle Informationen, die sich auf eine identifizierte oder identifizierbare nat\u00fcrliche Person beziehen. Die Verarbeitung umfasst alle Ma\u00dfnahmen, die an personenbezogenen Daten durchgef\u00fchrt werden k\u00f6nnen, wie das Sammeln, Organisieren, Speichern, Verwenden, Offenlegen oder [&hellip;]\" \/>\n<meta property=\"og:url\" content=\"https:\/\/cartel-claims.com\/de\/datenschutzerklaerung\/\" \/>\n<meta property=\"og:site_name\" content=\"PROFIN | Truck Cartel | Litigation Funding\" \/>\n<meta property=\"article:modified_time\" content=\"2025-02-07T10:47:29+00:00\" \/>\n<meta name=\"twitter:card\" content=\"summary_large_image\" \/>\n<meta name=\"twitter:label1\" content=\"Gesch\u00e4tzte Lesezeit\" \/>\n\t<meta name=\"twitter:data1\" content=\"6\u00a0Minuten\" \/>\n<script type=\"application\/ld+json\" class=\"yoast-schema-graph\">{\"@context\":\"https:\/\/schema.org\",\"@graph\":[{\"@type\":\"WebPage\",\"@id\":\"https:\/\/cartel-claims.com\/de\/datenschutzerklaerung\/\",\"url\":\"https:\/\/cartel-claims.com\/de\/datenschutzerklaerung\/\",\"name\":\"Datenschutzerkl\u00e4rung - PROFIN | Truck Cartel | Litigation Funding\",\"isPartOf\":{\"@id\":\"https:\/\/cartel-claims.com\/de\/#website\"},\"datePublished\":\"2024-06-19T16:02:36+00:00\",\"dateModified\":\"2025-02-07T10:47:29+00:00\",\"breadcrumb\":{\"@id\":\"https:\/\/cartel-claims.com\/de\/datenschutzerklaerung\/#breadcrumb\"},\"inLanguage\":\"de\",\"potentialAction\":[{\"@type\":\"ReadAction\",\"target\":[\"https:\/\/cartel-claims.com\/de\/datenschutzerklaerung\/\"]}]},{\"@type\":\"BreadcrumbList\",\"@id\":\"https:\/\/cartel-claims.com\/de\/datenschutzerklaerung\/#breadcrumb\",\"itemListElement\":[{\"@type\":\"ListItem\",\"position\":1,\"name\":\"Home\",\"item\":\"https:\/\/cartel-claims.com\/de\/\"},{\"@type\":\"ListItem\",\"position\":2,\"name\":\"Datenschutzerkl\u00e4rung\"}]},{\"@type\":\"WebSite\",\"@id\":\"https:\/\/cartel-claims.com\/de\/#website\",\"url\":\"https:\/\/cartel-claims.com\/de\/\",\"name\":\"PROFIN | Truck Cartel | Litigation Funding\",\"description\":\"\",\"potentialAction\":[{\"@type\":\"SearchAction\",\"target\":{\"@type\":\"EntryPoint\",\"urlTemplate\":\"https:\/\/cartel-claims.com\/de\/?s={search_term_string}\"},\"query-input\":{\"@type\":\"PropertyValueSpecification\",\"valueRequired\":true,\"valueName\":\"search_term_string\"}}],\"inLanguage\":\"de\"}]}<\/script>\n<!-- \/ Yoast SEO plugin. -->","yoast_head_json":{"title":"Datenschutzerkl\u00e4rung - PROFIN | Truck Cartel | Litigation Funding","robots":{"index":"index","follow":"follow","max-snippet":"max-snippet:-1","max-image-preview":"max-image-preview:large","max-video-preview":"max-video-preview:-1"},"canonical":"https:\/\/cartel-claims.com\/de\/datenschutzerklaerung\/","og_locale":"de_DE","og_type":"article","og_title":"Datenschutzerkl\u00e4rung - PROFIN | Truck Cartel | Litigation Funding","og_description":"Datenschutzerkl\u00e4rung Dieser Datenschutzhinweis beschreibt, wie die Profin Claims GmbH (\u201eProfin\u201c) Ihre personenbezogenen Daten sammelt und verarbeitet und erkl\u00e4rt Ihre Rechte. Personenbezogene Daten sind alle Informationen, die sich auf eine identifizierte oder identifizierbare nat\u00fcrliche Person beziehen. Die Verarbeitung umfasst alle Ma\u00dfnahmen, die an personenbezogenen Daten durchgef\u00fchrt werden k\u00f6nnen, wie das Sammeln, Organisieren, Speichern, Verwenden, Offenlegen oder [&hellip;]","og_url":"https:\/\/cartel-claims.com\/de\/datenschutzerklaerung\/","og_site_name":"PROFIN | Truck Cartel | Litigation Funding","article_modified_time":"2025-02-07T10:47:29+00:00","twitter_card":"summary_large_image","twitter_misc":{"Gesch\u00e4tzte Lesezeit":"6\u00a0Minuten"},"schema":{"@context":"https:\/\/schema.org","@graph":[{"@type":"WebPage","@id":"https:\/\/cartel-claims.com\/de\/datenschutzerklaerung\/","url":"https:\/\/cartel-claims.com\/de\/datenschutzerklaerung\/","name":"Datenschutzerkl\u00e4rung - PROFIN | Truck Cartel | Litigation Funding","isPartOf":{"@id":"https:\/\/cartel-claims.com\/de\/#website"},"datePublished":"2024-06-19T16:02:36+00:00","dateModified":"2025-02-07T10:47:29+00:00","breadcrumb":{"@id":"https:\/\/cartel-claims.com\/de\/datenschutzerklaerung\/#breadcrumb"},"inLanguage":"de","potentialAction":[{"@type":"ReadAction","target":["https:\/\/cartel-claims.com\/de\/datenschutzerklaerung\/"]}]},{"@type":"BreadcrumbList","@id":"https:\/\/cartel-claims.com\/de\/datenschutzerklaerung\/#breadcrumb","itemListElement":[{"@type":"ListItem","position":1,"name":"Home","item":"https:\/\/cartel-claims.com\/de\/"},{"@type":"ListItem","position":2,"name":"Datenschutzerkl\u00e4rung"}]},{"@type":"WebSite","@id":"https:\/\/cartel-claims.com\/de\/#website","url":"https:\/\/cartel-claims.com\/de\/","name":"PROFIN | Truck Cartel | Litigation Funding","description":"","potentialAction":[{"@type":"SearchAction","target":{"@type":"EntryPoint","urlTemplate":"https:\/\/cartel-claims.com\/de\/?s={search_term_string}"},"query-input":{"@type":"PropertyValueSpecification","valueRequired":true,"valueName":"search_term_string"}}],"inLanguage":"de"}]}},"_links":{"self":[{"href":"https:\/\/cartel-claims.com\/de\/wp-json\/wp\/v2\/pages\/1136"}],"collection":[{"href":"https:\/\/cartel-claims.com\/de\/wp-json\/wp\/v2\/pages"}],"about":[{"href":"https:\/\/cartel-claims.com\/de\/wp-json\/wp\/v2\/types\/page"}],"author":[{"embeddable":true,"href":"https:\/\/cartel-claims.com\/de\/wp-json\/wp\/v2\/users\/1"}],"replies":[{"embeddable":true,"href":"https:\/\/cartel-claims.com\/de\/wp-json\/wp\/v2\/comments?post=1136"}],"version-history":[{"count":4,"href":"https:\/\/cartel-claims.com\/de\/wp-json\/wp\/v2\/pages\/1136\/revisions"}],"predecessor-version":[{"id":1410,"href":"https:\/\/cartel-claims.com\/de\/wp-json\/wp\/v2\/pages\/1136\/revisions\/1410"}],"wp:attachment":[{"href":"https:\/\/cartel-claims.com\/de\/wp-json\/wp\/v2\/media?parent=1136"}],"curies":[{"name":"wp","href":"https:\/\/api.w.org\/{rel}","templated":true}]}}